{"id":22811,"date":"2019-02-06T21:45:36","date_gmt":"2019-02-06T20:45:36","guid":{"rendered":"https:\/\/www.ausabot.com\/?page_id=22811"},"modified":"2019-02-27T19:23:12","modified_gmt":"2019-02-27T18:23:12","slug":"our-history","status":"publish","type":"page","link":"https:\/\/www.ausabot.com\/en\/the-cutlery\/our-history\/","title":{"rendered":"Our history"},"content":{"rendered":"<div class=\"wpb-content-wrapper\"><p>[vc_row row_height_percent=&#8221;0&#8243; override_padding=&#8221;yes&#8221; h_padding=&#8221;2&#8243; top_padding=&#8221;4&#8243; bottom_padding=&#8221;3&#8243; back_color=&#8221;color-xsdn&#8221; overlay_alpha=&#8221;50&#8243; gutter_size=&#8221;3&#8243; column_width_percent=&#8221;100&#8243; shift_y=&#8221;0&#8243; z_index=&#8221;0&#8243; el_class=&#8221;centerseparator&#8221;][vc_column width=&#8221;1\/1&#8243;][vc_column_text el_class=&#8221;titleseparator&#8221;]<\/p>\n<h2 style=\"text-align: center;\">Roots and wings<\/h2>\n<p style=\"text-align: center;\"><strong>The history of the Coutellerie Au Sabot begins in the 19 th century<\/strong> and continues today around a team with recognised skills and expertise.<\/p>\n<p>[\/vc_column_text][\/vc_column][\/vc_row][vc_row row_height_percent=&#8221;0&#8243; override_padding=&#8221;yes&#8221; h_padding=&#8221;2&#8243; top_padding=&#8221;0&#8243; bottom_padding=&#8221;2&#8243; back_color=&#8221;color-xsdn&#8221; overlay_alpha=&#8221;50&#8243; gutter_size=&#8221;3&#8243; column_width_percent=&#8221;100&#8243; shift_y=&#8221;0&#8243; z_index=&#8221;0&#8243;][vc_column width=&#8221;1\/3&#8243;][vc_column_text el_class=&#8221;titleseparator&#8221;]<\/p>\n<h2 style=\"text-align: left;\">1870<\/h2>\n<p>[\/vc_column_text][vc_single_image media=&#8221;6422&#8243; media_lightbox=&#8221;yes&#8221; media_width_percent=&#8221;100&#8243; media_ratio=&#8221;sixteen-nine&#8221;][vc_column_text el_class=&#8221;titleseparator&#8221;]<\/p>\n<p style=\"text-align: left;\">The history of the <strong>Au Sabot brand<\/strong> starts in 1870, on the day when Etienne Fontenille, a <strong>cutlery manufacturer based in Thiers<\/strong>, registered the brand name with the Commercial Court. The brand then passed down between Thiers cutlers from hand-to-hand until 1937.<\/p>\n<p>[\/vc_column_text][\/vc_column][vc_column width=&#8221;1\/3&#8243;][vc_column_text el_class=&#8221;titleseparator&#8221;]<\/p>\n<h2 style=\"text-align: left;\">1937<\/h2>\n<p>[\/vc_column_text][vc_single_image media=&#8221;6426&#8243; media_lightbox=&#8221;yes&#8221; media_width_percent=&#8221;100&#8243; media_ratio=&#8221;sixteen-nine&#8221;][vc_column_text el_class=&#8221;titleseparator&#8221;]<\/p>\n<p style=\"text-align: left;\">Jean-Baptiste Biguet develops his business <strong>around the fabrication and sale of various regional knives<\/strong> of the times, including the famous \u201cPradel\u201d.<\/p>\n<p>[\/vc_column_text][\/vc_column][vc_column width=&#8221;1\/3&#8243;][vc_column_text el_class=&#8221;titleseparator&#8221;]<\/p>\n<h2 style=\"text-align: left;\">1966<\/h2>\n<p>[\/vc_column_text][vc_single_image media=&#8221;6418&#8243; media_lightbox=&#8221;yes&#8221; media_width_percent=&#8221;100&#8243; media_ratio=&#8221;sixteen-nine&#8221;][vc_column_text el_class=&#8221;titleseparator&#8221;]<\/p>\n<p style=\"text-align: left;\">Jean Sauzedde takes over from his father-in-law, Jean-Baptiste Biguet, and starts to expand the business.<\/p>\n<p>[\/vc_column_text][\/vc_column][\/vc_row][vc_row row_height_percent=&#8221;0&#8243; override_padding=&#8221;yes&#8221; h_padding=&#8221;2&#8243; top_padding=&#8221;2&#8243; bottom_padding=&#8221;2&#8243; back_color=&#8221;color-xsdn&#8221; overlay_alpha=&#8221;50&#8243; gutter_size=&#8221;3&#8243; column_width_percent=&#8221;100&#8243; shift_y=&#8221;0&#8243; z_index=&#8221;0&#8243;][vc_column width=&#8221;1\/3&#8243;][vc_column_text el_class=&#8221;titleseparator&#8221;]<\/p>\n<h2 style=\"text-align: left;\">1968-1970<\/h2>\n<p>[\/vc_column_text][vc_single_image media=&#8221;6420&#8243; media_lightbox=&#8221;yes&#8221; media_width_percent=&#8221;100&#8243; media_ratio=&#8221;sixteen-nine&#8221;][vc_column_text el_class=&#8221;titleseparator&#8221;]<\/p>\n<p style=\"text-align: left;\">Acquisition of various businesses and dies (hole punches) aimed at developing the <a href=\"https:\/\/www.ausabot.com\/en\/collections-of-knives\/regional-knives\/\">regional knife range<\/a>.<\/p>\n<p>[\/vc_column_text][\/vc_column][vc_column width=&#8221;1\/3&#8243;][vc_column_text el_class=&#8221;titleseparator&#8221;]<\/p>\n<h2 style=\"text-align: left;\">1973<\/h2>\n<p>[\/vc_column_text][vc_single_image media=&#8221;6425&#8243; media_lightbox=&#8221;yes&#8221; media_width_percent=&#8221;100&#8243; media_ratio=&#8221;sixteen-nine&#8221;][vc_column_text el_class=&#8221;titleseparator&#8221;]<\/p>\n<p style=\"text-align: left;\">Jean Sauzedde purchases the Au Sabot brand.<\/p>\n<p>[\/vc_column_text][\/vc_column][vc_column width=&#8221;1\/3&#8243;][vc_column_text el_class=&#8221;titleseparator&#8221;]<\/p>\n<h2 style=\"text-align: left;\">1986<\/h2>\n<p>[\/vc_column_text][vc_single_image media=&#8221;6452&#8243; media_lightbox=&#8221;yes&#8221; media_width_percent=&#8221;100&#8243; media_ratio=&#8221;sixteen-nine&#8221;][vc_column_text el_class=&#8221;titleseparator&#8221;]<\/p>\n<p style=\"text-align: left;\">Construction of the current plant in the Racine artisanal zone in La Monnerie-le-Montel. Perfectly positioned close to an A89 (Bordeaux&gt;Lyon) motorway exit, Au Sabot settles down in its new premises and builds up momentum.<\/p>\n<p>[\/vc_column_text][\/vc_column][\/vc_row][vc_row row_height_percent=&#8221;0&#8243; override_padding=&#8221;yes&#8221; h_padding=&#8221;2&#8243; top_padding=&#8221;2&#8243; bottom_padding=&#8221;2&#8243; back_color=&#8221;color-xsdn&#8221; overlay_alpha=&#8221;50&#8243; gutter_size=&#8221;3&#8243; column_width_percent=&#8221;100&#8243; shift_y=&#8221;0&#8243; z_index=&#8221;0&#8243;][vc_column width=&#8221;1\/3&#8243;][vc_column_text el_class=&#8221;titleseparator&#8221;]<\/p>\n<h2 style=\"text-align: left;\">1988<\/h2>\n<p>[\/vc_column_text][vc_single_image media=&#8221;6423&#8243; media_lightbox=&#8221;yes&#8221; media_width_percent=&#8221;100&#8243; media_ratio=&#8221;sixteen-nine&#8221;][vc_column_text el_class=&#8221;titleseparator&#8221;]<\/p>\n<p style=\"text-align: left;\">Acquisition of a business in Thiers specialising in <a href=\"https:\/\/www.ausabot.com\/en\/collections-of-knives\/garden\/grafting-knives\/\">grafting and pruning knives and shears<\/a>.<\/p>\n<p>[\/vc_column_text][\/vc_column][vc_column width=&#8221;1\/3&#8243;][vc_column_text el_class=&#8221;titleseparator&#8221;]<\/p>\n<h2 style=\"text-align: left;\">1991<\/h2>\n<p>[\/vc_column_text][vc_single_image media=&#8221;6532&#8243; media_lightbox=&#8221;yes&#8221; media_width_percent=&#8221;100&#8243; media_ratio=&#8221;sixteen-nine&#8221;][vc_column_text el_class=&#8221;titleseparator&#8221;]Construction of an extension used to install part of the workshop \u2013 tempering, grinding and forging. This new work tool enables Au Sabot to control <a href=\"https:\/\/www.ausabot.com\/en\/know-how\/fabrication\/\">every step in the manufacturing<\/a> process at its own facilities.[\/vc_column_text][\/vc_column][vc_column width=&#8221;1\/3&#8243;][vc_column_text el_class=&#8221;titleseparator&#8221;]<\/p>\n<h2 style=\"text-align: left;\">1994<\/h2>\n<p>[\/vc_column_text][vc_single_image media=&#8221;762&#8243; media_lightbox=&#8221;yes&#8221; media_width_percent=&#8221;100&#8243; media_ratio=&#8221;sixteen-nine&#8221;][vc_column_text el_class=&#8221;titleseparator&#8221;]<strong>Coutellerie Au Sabot<\/strong> decides to get involved with the \u201cConfr\u00e9rie du Cout\u00e9 de Ti\u00e9\u201d and to support its activities. This partnership spawned the Le <strong>Thiers\u00ae knife, an innovative knife shape proposed by Thiers cutlers<\/strong>. A quality charter is registered, which the Thiers cutlers who make the Le Thiers\u00ae are now required to follow rigorously.[\/vc_column_text][\/vc_column][\/vc_row][vc_row row_height_percent=&#8221;0&#8243; override_padding=&#8221;yes&#8221; h_padding=&#8221;2&#8243; top_padding=&#8221;2&#8243; bottom_padding=&#8221;2&#8243; back_color=&#8221;color-xsdn&#8221; overlay_alpha=&#8221;50&#8243; gutter_size=&#8221;3&#8243; column_width_percent=&#8221;100&#8243; shift_y=&#8221;0&#8243; z_index=&#8221;0&#8243;][vc_column width=&#8221;1\/3&#8243;][vc_column_text el_class=&#8221;titleseparator&#8221;]<\/p>\n<h2 style=\"text-align: left;\">1997<\/h2>\n<p>[\/vc_column_text][vc_single_image media=&#8221;15787&#8243; media_lightbox=&#8221;yes&#8221; media_width_percent=&#8221;100&#8243; media_ratio=&#8221;sixteen-nine&#8221;][vc_column_text el_class=&#8221;titleseparator&#8221;]Jean-Michel Sauzedde, son of Jean Sauzedde takes over the running of the company and becomes managing director of the SARL.[\/vc_column_text][\/vc_column][vc_column width=&#8221;1\/3&#8243;][vc_column_text el_class=&#8221;titleseparator&#8221;]<\/p>\n<h2 style=\"text-align: left;\">2006<\/h2>\n<p>[\/vc_column_text][vc_single_image media=&#8221;623&#8243; media_lightbox=&#8221;yes&#8221; media_width_percent=&#8221;100&#8243; media_ratio=&#8221;sixteen-nine&#8221;][vc_column_text el_class=&#8221;titleseparator&#8221;]<\/p>\n<p style=\"text-align: left;\">Acquisition of a laser-cutting machine to enable the company to respond quickly to customer demand.<\/p>\n<p>[\/vc_column_text][\/vc_column][vc_column width=&#8221;1\/3&#8243;][vc_column_text el_class=&#8221;titleseparator&#8221;]<\/p>\n<h2 style=\"text-align: left;\">2008<\/h2>\n<p>[\/vc_column_text][vc_single_image media=&#8221;1057&#8243; media_lightbox=&#8221;yes&#8221; media_width_percent=&#8221;100&#8243; media_ratio=&#8221;sixteen-nine&#8221;][vc_column_text el_class=&#8221;titleseparator&#8221;]Au Sabot is awarded the Label \u201c<a href=\"http:\/\/www.patrimoine-vivant.com\" target=\"_blank\" rel=\"noopener\">Entreprise du Patrimoine Vivant<\/a>\u201d by the Ministry of Commerce and Artisanat. This label is <strong>awarded to French companies with exceptional craft or industrial skills<\/strong>. The label was renewed in 2013.[\/vc_column_text][\/vc_column][\/vc_row][vc_row row_height_percent=&#8221;0&#8243; override_padding=&#8221;yes&#8221; h_padding=&#8221;2&#8243; top_padding=&#8221;2&#8243; bottom_padding=&#8221;2&#8243; back_color=&#8221;color-xsdn&#8221; overlay_alpha=&#8221;50&#8243; gutter_size=&#8221;3&#8243; column_width_percent=&#8221;100&#8243; shift_y=&#8221;0&#8243; z_index=&#8221;0&#8243;][vc_column width=&#8221;1\/3&#8243;][vc_column_text el_class=&#8221;titleseparator&#8221;]<\/p>\n<h2 style=\"text-align: left;\">2010<\/h2>\n<p>[\/vc_column_text][vc_single_image media=&#8221;642&#8243; media_lightbox=&#8221;yes&#8221; media_width_percent=&#8221;100&#8243; media_ratio=&#8221;sixteen-nine&#8221;][vc_column_text el_class=&#8221;titleseparator&#8221;]Au Sabot celebrates its <strong>140th birthday<\/strong>.[\/vc_column_text][\/vc_column][vc_column width=&#8221;1\/3&#8243;][vc_column_text el_class=&#8221;titleseparator&#8221;]<\/p>\n<h2 style=\"text-align: left;\">2011<\/h2>\n<p>[\/vc_column_text][vc_single_image media=&#8221;1061&#8243; media_lightbox=&#8221;yes&#8221; media_width_percent=&#8221;100&#8243; media_ratio=&#8221;sixteen-nine&#8221;][vc_column_text el_class=&#8221;titleseparator&#8221;]<strong>Ateliers d&#8217;Art de France.<\/strong>[\/vc_column_text][\/vc_column][vc_column width=&#8221;1\/3&#8243;][vc_column_text el_class=&#8221;titleseparator&#8221;]<\/p>\n<h2 style=\"text-align: left;\">2013<\/h2>\n<p>[\/vc_column_text][vc_single_image media=&#8221;621&#8243; media_lightbox=&#8221;yes&#8221; media_width_percent=&#8221;100&#8243; media_ratio=&#8221;twentyone-nine&#8221;][vc_column_text el_class=&#8221;titleseparator&#8221;]Showroom creation.[\/vc_column_text][vc_single_image media=&#8221;985&#8243; media_lightbox=&#8221;yes&#8221; media_width_percent=&#8221;100&#8243; media_ratio=&#8221;twentyone-nine&#8221;][\/vc_column][\/vc_row]<\/p>\n<\/div>","protected":false},"excerpt":{"rendered":"<p>[vc_row row_height_percent=&#8221;0&#8243; override_padding=&#8221;yes&#8221; h_padding=&#8221;2&#8243; top_padding=&#8221;4&#8243; bottom_padding=&#8221;3&#8243; back_color=&#8221;color-xsdn&#8221; overlay_alpha=&#8221;50&#8243; gutter_size=&#8221;3&#8243; column_width_percent=&#8221;100&#8243; shift_y=&#8221;0&#8243; z_index=&#8221;0&#8243; el_class=&#8221;centerseparator&#8221;][vc_column width=&#8221;1\/1&#8243;][vc_column_text el_class=&#8221;titleseparator&#8221;] Roots and wings The history [&hellip;]<\/p>\n","protected":false},"author":2,"featured_media":646,"parent":22751,"menu_order":15,"comment_status":"closed","ping_status":"closed","template":"","meta":{"footnotes":""},"class_list":["post-22811","page","type-page","status-publish","has-post-thumbnail","hentry"],"yoast_head":"<!-- This site is optimized with the Yoast SEO plugin v27.1.1 - https:\/\/yoast.com\/product\/yoast-seo-wordpress\/ -->\n<title>Our history - Coutellerie Au Sabot<\/title>\n<meta name=\"robots\" content=\"index, follow, max-snippet:-1, max-image-preview:large, max-video-preview:-1\" \/>\n<link rel=\"canonical\" href=\"https:\/\/www.ausabot.com\/en\/the-cutlery\/our-history\/\" \/>\n<meta property=\"og:locale\" content=\"en_US\" \/>\n<meta property=\"og:type\" content=\"article\" \/>\n<meta property=\"og:title\" content=\"Our history - Coutellerie Au Sabot\" \/>\n<meta property=\"og:description\" content=\"[vc_row row_height_percent=&#8221;0&#8243; override_padding=&#8221;yes&#8221; h_padding=&#8221;2&#8243; top_padding=&#8221;4&#8243; bottom_padding=&#8221;3&#8243; back_color=&#8221;color-xsdn&#8221; overlay_alpha=&#8221;50&#8243; gutter_size=&#8221;3&#8243; column_width_percent=&#8221;100&#8243; shift_y=&#8221;0&#8243; z_index=&#8221;0&#8243; el_class=&#8221;centerseparator&#8221;][vc_column width=&#8221;1\/1&#8243;][vc_column_text el_class=&#8221;titleseparator&#8221;] Roots and wings The history [&hellip;]\" \/>\n<meta property=\"og:url\" content=\"https:\/\/www.ausabot.com\/en\/the-cutlery\/our-history\/\" \/>\n<meta property=\"og:site_name\" content=\"Coutellerie Au Sabot\" \/>\n<meta property=\"article:publisher\" content=\"https:\/\/www.facebook.com\/coutellerieausabot\/\" \/>\n<meta property=\"article:modified_time\" content=\"2019-02-27T18:23:12+00:00\" \/>\n<meta property=\"og:image\" content=\"https:\/\/www.ausabot.com\/wp-content\/uploads\/2018\/11\/Histoire-1.jpg\" \/>\n\t<meta property=\"og:image:width\" content=\"1920\" \/>\n\t<meta property=\"og:image:height\" content=\"1280\" \/>\n\t<meta property=\"og:image:type\" content=\"image\/jpeg\" \/>\n<meta name=\"twitter:card\" content=\"summary_large_image\" \/>\n<meta name=\"twitter:label1\" content=\"Est. reading time\" \/>\n\t<meta name=\"twitter:data1\" content=\"5 minutes\" \/>\n<script type=\"application\/ld+json\" class=\"yoast-schema-graph\">{\"@context\":\"https:\/\/schema.org\",\"@graph\":[{\"@type\":\"WebPage\",\"@id\":\"https:\/\/www.ausabot.com\/en\/the-cutlery\/our-history\/\",\"url\":\"https:\/\/www.ausabot.com\/en\/the-cutlery\/our-history\/\",\"name\":\"Our history - Coutellerie Au Sabot\",\"isPartOf\":{\"@id\":\"https:\/\/www.ausabot.com\/en\/#website\"},\"primaryImageOfPage\":{\"@id\":\"https:\/\/www.ausabot.com\/en\/the-cutlery\/our-history\/#primaryimage\"},\"image\":{\"@id\":\"https:\/\/www.ausabot.com\/en\/the-cutlery\/our-history\/#primaryimage\"},\"thumbnailUrl\":\"https:\/\/www.ausabot.com\/wp-content\/uploads\/2018\/11\/Histoire-1.jpg\",\"datePublished\":\"2019-02-06T20:45:36+00:00\",\"dateModified\":\"2019-02-27T18:23:12+00:00\",\"breadcrumb\":{\"@id\":\"https:\/\/www.ausabot.com\/en\/the-cutlery\/our-history\/#breadcrumb\"},\"inLanguage\":\"en-US\",\"potentialAction\":[{\"@type\":\"ReadAction\",\"target\":[\"https:\/\/www.ausabot.com\/en\/the-cutlery\/our-history\/\"]}]},{\"@type\":\"ImageObject\",\"inLanguage\":\"en-US\",\"@id\":\"https:\/\/www.ausabot.com\/en\/the-cutlery\/our-history\/#primaryimage\",\"url\":\"https:\/\/www.ausabot.com\/wp-content\/uploads\/2018\/11\/Histoire-1.jpg\",\"contentUrl\":\"https:\/\/www.ausabot.com\/wp-content\/uploads\/2018\/11\/Histoire-1.jpg\",\"width\":1920,\"height\":1280},{\"@type\":\"BreadcrumbList\",\"@id\":\"https:\/\/www.ausabot.com\/en\/the-cutlery\/our-history\/#breadcrumb\",\"itemListElement\":[{\"@type\":\"ListItem\",\"position\":1,\"name\":\"Home\",\"item\":\"https:\/\/www.ausabot.com\/en\/\"},{\"@type\":\"ListItem\",\"position\":2,\"name\":\"The cutlery\",\"item\":\"https:\/\/www.ausabot.com\/en\/the-cutlery\/\"},{\"@type\":\"ListItem\",\"position\":3,\"name\":\"Our history\"}]},{\"@type\":\"WebSite\",\"@id\":\"https:\/\/www.ausabot.com\/en\/#website\",\"url\":\"https:\/\/www.ausabot.com\/en\/\",\"name\":\"Coutellerie Au Sabot\",\"description\":\"\",\"potentialAction\":[{\"@type\":\"SearchAction\",\"target\":{\"@type\":\"EntryPoint\",\"urlTemplate\":\"https:\/\/www.ausabot.com\/en\/?s={search_term_string}\"},\"query-input\":{\"@type\":\"PropertyValueSpecification\",\"valueRequired\":true,\"valueName\":\"search_term_string\"}}],\"inLanguage\":\"en-US\"}]}<\/script>\n<!-- \/ Yoast SEO plugin. -->","yoast_head_json":{"title":"Our history - Coutellerie Au Sabot","robots":{"index":"index","follow":"follow","max-snippet":"max-snippet:-1","max-image-preview":"max-image-preview:large","max-video-preview":"max-video-preview:-1"},"canonical":"https:\/\/www.ausabot.com\/en\/the-cutlery\/our-history\/","og_locale":"en_US","og_type":"article","og_title":"Our history - Coutellerie Au Sabot","og_description":"[vc_row row_height_percent=&#8221;0&#8243; override_padding=&#8221;yes&#8221; h_padding=&#8221;2&#8243; top_padding=&#8221;4&#8243; bottom_padding=&#8221;3&#8243; back_color=&#8221;color-xsdn&#8221; overlay_alpha=&#8221;50&#8243; gutter_size=&#8221;3&#8243; column_width_percent=&#8221;100&#8243; shift_y=&#8221;0&#8243; z_index=&#8221;0&#8243; el_class=&#8221;centerseparator&#8221;][vc_column width=&#8221;1\/1&#8243;][vc_column_text el_class=&#8221;titleseparator&#8221;] Roots and wings The history [&hellip;]","og_url":"https:\/\/www.ausabot.com\/en\/the-cutlery\/our-history\/","og_site_name":"Coutellerie Au Sabot","article_publisher":"https:\/\/www.facebook.com\/coutellerieausabot\/","article_modified_time":"2019-02-27T18:23:12+00:00","og_image":[{"width":1920,"height":1280,"url":"https:\/\/www.ausabot.com\/wp-content\/uploads\/2018\/11\/Histoire-1.jpg","type":"image\/jpeg"}],"twitter_card":"summary_large_image","twitter_misc":{"Est. reading time":"5 minutes"},"schema":{"@context":"https:\/\/schema.org","@graph":[{"@type":"WebPage","@id":"https:\/\/www.ausabot.com\/en\/the-cutlery\/our-history\/","url":"https:\/\/www.ausabot.com\/en\/the-cutlery\/our-history\/","name":"Our history - Coutellerie Au Sabot","isPartOf":{"@id":"https:\/\/www.ausabot.com\/en\/#website"},"primaryImageOfPage":{"@id":"https:\/\/www.ausabot.com\/en\/the-cutlery\/our-history\/#primaryimage"},"image":{"@id":"https:\/\/www.ausabot.com\/en\/the-cutlery\/our-history\/#primaryimage"},"thumbnailUrl":"https:\/\/www.ausabot.com\/wp-content\/uploads\/2018\/11\/Histoire-1.jpg","datePublished":"2019-02-06T20:45:36+00:00","dateModified":"2019-02-27T18:23:12+00:00","breadcrumb":{"@id":"https:\/\/www.ausabot.com\/en\/the-cutlery\/our-history\/#breadcrumb"},"inLanguage":"en-US","potentialAction":[{"@type":"ReadAction","target":["https:\/\/www.ausabot.com\/en\/the-cutlery\/our-history\/"]}]},{"@type":"ImageObject","inLanguage":"en-US","@id":"https:\/\/www.ausabot.com\/en\/the-cutlery\/our-history\/#primaryimage","url":"https:\/\/www.ausabot.com\/wp-content\/uploads\/2018\/11\/Histoire-1.jpg","contentUrl":"https:\/\/www.ausabot.com\/wp-content\/uploads\/2018\/11\/Histoire-1.jpg","width":1920,"height":1280},{"@type":"BreadcrumbList","@id":"https:\/\/www.ausabot.com\/en\/the-cutlery\/our-history\/#breadcrumb","itemListElement":[{"@type":"ListItem","position":1,"name":"Home","item":"https:\/\/www.ausabot.com\/en\/"},{"@type":"ListItem","position":2,"name":"The cutlery","item":"https:\/\/www.ausabot.com\/en\/the-cutlery\/"},{"@type":"ListItem","position":3,"name":"Our history"}]},{"@type":"WebSite","@id":"https:\/\/www.ausabot.com\/en\/#website","url":"https:\/\/www.ausabot.com\/en\/","name":"Coutellerie Au Sabot","description":"","potentialAction":[{"@type":"SearchAction","target":{"@type":"EntryPoint","urlTemplate":"https:\/\/www.ausabot.com\/en\/?s={search_term_string}"},"query-input":{"@type":"PropertyValueSpecification","valueRequired":true,"valueName":"search_term_string"}}],"inLanguage":"en-US"}]}},"_links":{"self":[{"href":"https:\/\/www.ausabot.com\/en\/wp-json\/wp\/v2\/pages\/22811","targetHints":{"allow":["GET"]}}],"collection":[{"href":"https:\/\/www.ausabot.com\/en\/wp-json\/wp\/v2\/pages"}],"about":[{"href":"https:\/\/www.ausabot.com\/en\/wp-json\/wp\/v2\/types\/page"}],"author":[{"embeddable":true,"href":"https:\/\/www.ausabot.com\/en\/wp-json\/wp\/v2\/users\/2"}],"replies":[{"embeddable":true,"href":"https:\/\/www.ausabot.com\/en\/wp-json\/wp\/v2\/comments?post=22811"}],"version-history":[{"count":0,"href":"https:\/\/www.ausabot.com\/en\/wp-json\/wp\/v2\/pages\/22811\/revisions"}],"up":[{"embeddable":true,"href":"https:\/\/www.ausabot.com\/en\/wp-json\/wp\/v2\/pages\/22751"}],"wp:featuredmedia":[{"embeddable":true,"href":"https:\/\/www.ausabot.com\/en\/wp-json\/wp\/v2\/media\/646"}],"wp:attachment":[{"href":"https:\/\/www.ausabot.com\/en\/wp-json\/wp\/v2\/media?parent=22811"}],"curies":[{"name":"wp","href":"https:\/\/api.w.org\/{rel}","templated":true}]}}